{"id":1501,"date":"2023-05-02T10:26:16","date_gmt":"2023-05-02T10:26:16","guid":{"rendered":"http:\/\/amoenus.com\/?page_id=1501"},"modified":"2025-03-05T15:59:34","modified_gmt":"2025-03-05T13:59:34","slug":"integrations","status":"publish","type":"page","link":"https:\/\/amoenus.com\/en\/integrations\/","title":{"rendered":"Integrations"},"content":{"rendered":"<div data-elementor-type=\"wp-page\" data-elementor-id=\"1501\" class=\"elementor elementor-1501\">\n\t\t\t\t\t\t\t\t\t<section class=\"elementor-section elementor-top-section elementor-element elementor-element-5b2491b elementor-section-content-middle elementor-section-height-min-height elementor-section-boxed elementor-section-height-default elementor-section-items-middle\" data-id=\"5b2491b\" data-element_type=\"section\" data-settings=\"{&quot;background_background&quot;:&quot;classic&quot;}\">\n\t\t\t\t\t\t<div class=\"elementor-container elementor-column-gap-no\">\n\t\t\t\t\t<div class=\"elementor-column elementor-col-50 elementor-top-column elementor-element elementor-element-3d89025\" data-id=\"3d89025\" data-element_type=\"column\">\n\t\t\t<div class=\"elementor-widget-wrap elementor-element-populated\">\n\t\t\t\t\t\t\t\t<div class=\"elementor-element elementor-element-1e333c3 elementor-widget elementor-widget-heading\" data-id=\"1e333c3\" data-element_type=\"widget\" data-widget_type=\"heading.default\">\n\t\t\t\t<div class=\"elementor-widget-container\">\n\t\t\t<style>\/*! elementor - v3.14.0 - 26-06-2023 *\/\n.elementor-heading-title{padding:0;margin:0;line-height:1}.elementor-widget-heading .elementor-heading-title[class*=elementor-size-]>a{color:inherit;font-size:inherit;line-height:inherit}.elementor-widget-heading .elementor-heading-title.elementor-size-small{font-size:15px}.elementor-widget-heading .elementor-heading-title.elementor-size-medium{font-size:19px}.elementor-widget-heading .elementor-heading-title.elementor-size-large{font-size:29px}.elementor-widget-heading .elementor-heading-title.elementor-size-xl{font-size:39px}.elementor-widget-heading .elementor-heading-title.elementor-size-xxl{font-size:59px}<\/style><h5 class=\"elementor-heading-title elementor-size-default\">Integrations<\/h5>\t\t<\/div>\n\t\t\t\t<\/div>\n\t\t\t\t<div class=\"elementor-element elementor-element-e67a0f4 elementor-widget elementor-widget-heading\" data-id=\"e67a0f4\" data-element_type=\"widget\" data-widget_type=\"heading.default\">\n\t\t\t\t<div class=\"elementor-widget-container\">\n\t\t\t<h1 class=\"elementor-heading-title elementor-size-default\">We Simplify Your Management Even More.\nYour Operations, Integrated.<\/h1>\t\t<\/div>\n\t\t\t\t<\/div>\n\t\t\t\t<div class=\"elementor-element elementor-element-7dbf5d5 elementor-widget elementor-widget-text-editor\" data-id=\"7dbf5d5\" data-element_type=\"widget\" data-widget_type=\"text-editor.default\">\n\t\t\t\t<div class=\"elementor-widget-container\">\n\t\t\t<style>\/*! elementor - v3.14.0 - 26-06-2023 *\/\n.elementor-widget-text-editor.elementor-drop-cap-view-stacked .elementor-drop-cap{background-color:#69727d;color:#fff}.elementor-widget-text-editor.elementor-drop-cap-view-framed .elementor-drop-cap{color:#69727d;border:3px solid;background-color:transparent}.elementor-widget-text-editor:not(.elementor-drop-cap-view-default) .elementor-drop-cap{margin-top:8px}.elementor-widget-text-editor:not(.elementor-drop-cap-view-default) .elementor-drop-cap-letter{width:1em;height:1em}.elementor-widget-text-editor .elementor-drop-cap{float:left;text-align:center;line-height:1;font-size:50px}.elementor-widget-text-editor .elementor-drop-cap-letter{display:inline-block}<\/style>\t\t\t\t<p style=\"text-align: center;\">We integrate with the main brands of suppliers and POS software to facilitate the management and control of your business.<\/p>\t\t\t\t\t\t<\/div>\n\t\t\t\t<\/div>\n\t\t\t\t\t<\/div>\n\t\t<\/div>\n\t\t\t\t<div class=\"elementor-column elementor-col-50 elementor-top-column elementor-element elementor-element-44e13da\" data-id=\"44e13da\" data-element_type=\"column\">\n\t\t\t<div class=\"elementor-widget-wrap\">\n\t\t\t\t\t\t\t\t\t<\/div>\n\t\t<\/div>\n\t\t\t\t\t\t\t<\/div>\n\t\t<\/section>\n\t\t\t\t<section class=\"elementor-section elementor-top-section elementor-element elementor-element-qqxx71b elementor-section-content-middle elementor-section-boxed elementor-section-height-default elementor-section-height-default\" data-id=\"qqxx71b\" data-element_type=\"section\" data-settings=\"{&quot;background_background&quot;:&quot;classic&quot;}\">\n\t\t\t\t\t\t\t<div class=\"elementor-background-overlay\"><\/div>\n\t\t\t\t\t\t\t<div class=\"elementor-container elementor-column-gap-no\">\n\t\t\t\t\t<div class=\"elementor-column elementor-col-50 elementor-top-column elementor-element elementor-element-957c1a9\" data-id=\"957c1a9\" data-element_type=\"column\">\n\t\t\t<div class=\"elementor-widget-wrap elementor-element-populated\">\n\t\t\t\t\t\t\t\t<div class=\"elementor-element elementor-element-fd47f1d elementor-hidden-mobile elementor-widget elementor-widget-image\" data-id=\"fd47f1d\" data-element_type=\"widget\" data-widget_type=\"image.default\">\n\t\t\t\t<div class=\"elementor-widget-container\">\n\t\t\t<style>\/*! elementor - v3.14.0 - 26-06-2023 *\/\n.elementor-widget-image{text-align:center}.elementor-widget-image a{display:inline-block}.elementor-widget-image a img[src$=\".svg\"]{width:48px}.elementor-widget-image img{vertical-align:middle;display:inline-block}<\/style>\t\t\t\t\t\t\t\t\t\t\t\t<img decoding=\"async\" width=\"490\" height=\"359\" src=\"https:\/\/amoenus.com\/wp-content\/uploads\/2023\/05\/Group-111.png\" class=\"attachment-full size-full wp-image-1520\" alt=\"\" loading=\"lazy\" srcset=\"https:\/\/amoenus.com\/wp-content\/uploads\/2023\/05\/Group-111.png 490w, https:\/\/amoenus.com\/wp-content\/uploads\/2023\/05\/Group-111-300x220.png 300w\" sizes=\"(max-width: 490px) 100vw, 490px\" \/>\t\t\t\t\t\t\t\t\t\t\t\t\t\t\t<\/div>\n\t\t\t\t<\/div>\n\t\t\t\t\t<\/div>\n\t\t<\/div>\n\t\t\t\t<div class=\"elementor-column elementor-col-50 elementor-top-column elementor-element elementor-element-75109e3\" data-id=\"75109e3\" data-element_type=\"column\">\n\t\t\t<div class=\"elementor-widget-wrap elementor-element-populated\">\n\t\t\t\t\t\t\t\t<div class=\"elementor-element elementor-element-0806230 elementor-widget elementor-widget-heading\" data-id=\"0806230\" data-element_type=\"widget\" data-widget_type=\"heading.default\">\n\t\t\t\t<div class=\"elementor-widget-container\">\n\t\t\t<h2 class=\"elementor-heading-title elementor-size-default\">Suppliers<\/h2>\t\t<\/div>\n\t\t\t\t<\/div>\n\t\t\t\t<div class=\"elementor-element elementor-element-a57825e elementor-hidden-desktop elementor-hidden-tablet elementor-widget elementor-widget-image\" data-id=\"a57825e\" data-element_type=\"widget\" data-widget_type=\"image.default\">\n\t\t\t\t<div class=\"elementor-widget-container\">\n\t\t\t\t\t\t\t\t\t\t\t\t\t\t\t<img decoding=\"async\" width=\"490\" height=\"359\" src=\"https:\/\/amoenus.com\/wp-content\/uploads\/2023\/05\/Group-111.png\" class=\"attachment-full size-full wp-image-1520\" alt=\"\" loading=\"lazy\" srcset=\"https:\/\/amoenus.com\/wp-content\/uploads\/2023\/05\/Group-111.png 490w, https:\/\/amoenus.com\/wp-content\/uploads\/2023\/05\/Group-111-300x220.png 300w\" sizes=\"(max-width: 490px) 100vw, 490px\" \/>\t\t\t\t\t\t\t\t\t\t\t\t\t\t\t<\/div>\n\t\t\t\t<\/div>\n\t\t\t\t<div class=\"elementor-element elementor-element-27a622b elementor-widget elementor-widget-text-editor\" data-id=\"27a622b\" data-element_type=\"widget\" data-widget_type=\"text-editor.default\">\n\t\t\t\t<div class=\"elementor-widget-container\">\n\t\t\t\t\t\t\t<p>Integration with suppliers streamlines the purchase and order management system. The entire catalogue of items and their suppliers in one place.<\/p>\t\t\t\t\t\t<\/div>\n\t\t\t\t<\/div>\n\t\t\t\t\t<\/div>\n\t\t<\/div>\n\t\t\t\t\t\t\t<\/div>\n\t\t<\/section>\n\t\t\t\t<section class=\"elementor-section elementor-top-section elementor-element elementor-element-2fb0627 elementor-section-content-middle elementor-section-boxed elementor-section-height-default elementor-section-height-default\" data-id=\"2fb0627\" data-element_type=\"section\" data-settings=\"{&quot;background_background&quot;:&quot;classic&quot;}\">\n\t\t\t\t\t\t\t<div class=\"elementor-background-overlay\"><\/div>\n\t\t\t\t\t\t\t<div class=\"elementor-container elementor-column-gap-no\">\n\t\t\t\t\t<div class=\"elementor-column elementor-col-50 elementor-top-column elementor-element elementor-element-39f26ed\" data-id=\"39f26ed\" data-element_type=\"column\">\n\t\t\t<div class=\"elementor-widget-wrap elementor-element-populated\">\n\t\t\t\t\t\t\t\t<div class=\"elementor-element elementor-element-c91df94 elementor-widget elementor-widget-heading\" data-id=\"c91df94\" data-element_type=\"widget\" data-widget_type=\"heading.default\">\n\t\t\t\t<div class=\"elementor-widget-container\">\n\t\t\t<h2 class=\"elementor-heading-title elementor-size-default\">POS Software<\/h2>\t\t<\/div>\n\t\t\t\t<\/div>\n\t\t\t\t<div class=\"elementor-element elementor-element-ae8e45f elementor-hidden-desktop elementor-hidden-tablet elementor-widget elementor-widget-image\" data-id=\"ae8e45f\" data-element_type=\"widget\" data-widget_type=\"image.default\">\n\t\t\t\t<div class=\"elementor-widget-container\">\n\t\t\t\t\t\t\t\t\t\t\t\t\t\t\t<img decoding=\"async\" width=\"495\" height=\"427\" src=\"https:\/\/amoenus.com\/wp-content\/uploads\/2023\/05\/Group-282.png\" class=\"attachment-full size-full wp-image-2641\" alt=\"\" loading=\"lazy\" srcset=\"https:\/\/amoenus.com\/wp-content\/uploads\/2023\/05\/Group-282.png 495w, https:\/\/amoenus.com\/wp-content\/uploads\/2023\/05\/Group-282-300x259.png 300w\" sizes=\"(max-width: 495px) 100vw, 495px\" \/>\t\t\t\t\t\t\t\t\t\t\t\t\t\t\t<\/div>\n\t\t\t\t<\/div>\n\t\t\t\t<div class=\"elementor-element elementor-element-590cfb5 elementor-widget elementor-widget-text-editor\" data-id=\"590cfb5\" data-element_type=\"widget\" data-widget_type=\"text-editor.default\">\n\t\t\t\t<div class=\"elementor-widget-container\">\n\t\t\t\t\t\t\t<p>We analyse and complement the sales data of your POS system to give you all the information about the performance of your business, know your real costs and optimise your finances.<\/p>\t\t\t\t\t\t<\/div>\n\t\t\t\t<\/div>\n\t\t\t\t\t<\/div>\n\t\t<\/div>\n\t\t\t\t<div class=\"elementor-column elementor-col-50 elementor-top-column elementor-element elementor-element-0113bbe\" data-id=\"0113bbe\" data-element_type=\"column\">\n\t\t\t<div class=\"elementor-widget-wrap elementor-element-populated\">\n\t\t\t\t\t\t\t\t<div class=\"elementor-element elementor-element-55aedef elementor-hidden-mobile elementor-widget elementor-widget-image\" data-id=\"55aedef\" data-element_type=\"widget\" data-widget_type=\"image.default\">\n\t\t\t\t<div class=\"elementor-widget-container\">\n\t\t\t\t\t\t\t\t\t\t\t\t\t\t\t<img decoding=\"async\" width=\"495\" height=\"427\" src=\"https:\/\/amoenus.com\/wp-content\/uploads\/2025\/03\/Group-282-integraciones.png\" class=\"attachment-full size-full wp-image-5993\" alt=\"\" loading=\"lazy\" srcset=\"https:\/\/amoenus.com\/wp-content\/uploads\/2025\/03\/Group-282-integraciones.png 495w, https:\/\/amoenus.com\/wp-content\/uploads\/2025\/03\/Group-282-integraciones-300x259.png 300w, https:\/\/amoenus.com\/wp-content\/uploads\/2025\/03\/Group-282-integraciones-14x12.png 14w\" sizes=\"(max-width: 495px) 100vw, 495px\" \/>\t\t\t\t\t\t\t\t\t\t\t\t\t\t\t<\/div>\n\t\t\t\t<\/div>\n\t\t\t\t\t<\/div>\n\t\t<\/div>\n\t\t\t\t\t\t\t<\/div>\n\t\t<\/section>\n\t\t\t\t<section class=\"elementor-section elementor-top-section elementor-element elementor-element-134c3f7 elementor-section-content-middle elementor-section-boxed elementor-section-height-default elementor-section-height-default\" data-id=\"134c3f7\" data-element_type=\"section\" data-settings=\"{&quot;background_background&quot;:&quot;classic&quot;}\">\n\t\t\t\t\t\t\t<div class=\"elementor-background-overlay\"><\/div>\n\t\t\t\t\t\t\t<div class=\"elementor-container elementor-column-gap-no\">\n\t\t\t\t\t<div class=\"elementor-column elementor-col-50 elementor-top-column elementor-element elementor-element-b661e77\" data-id=\"b661e77\" data-element_type=\"column\">\n\t\t\t<div class=\"elementor-widget-wrap elementor-element-populated\">\n\t\t\t\t\t\t\t\t<div class=\"elementor-element elementor-element-2c801a4 elementor-hidden-mobile elementor-widget elementor-widget-image\" data-id=\"2c801a4\" data-element_type=\"widget\" data-widget_type=\"image.default\">\n\t\t\t\t<div class=\"elementor-widget-container\">\n\t\t\t\t\t\t\t\t\t\t\t\t\t\t\t<img decoding=\"async\" width=\"763\" height=\"417\" src=\"https:\/\/amoenus.com\/wp-content\/uploads\/2023\/05\/Layer-1.png\" class=\"attachment-full size-full wp-image-1531\" alt=\"\" loading=\"lazy\" srcset=\"https:\/\/amoenus.com\/wp-content\/uploads\/2023\/05\/Layer-1.png 763w, https:\/\/amoenus.com\/wp-content\/uploads\/2023\/05\/Layer-1-300x164.png 300w\" sizes=\"(max-width: 763px) 100vw, 763px\" \/>\t\t\t\t\t\t\t\t\t\t\t\t\t\t\t<\/div>\n\t\t\t\t<\/div>\n\t\t\t\t\t<\/div>\n\t\t<\/div>\n\t\t\t\t<div class=\"elementor-column elementor-col-50 elementor-top-column elementor-element elementor-element-bbcbaa6\" data-id=\"bbcbaa6\" data-element_type=\"column\">\n\t\t\t<div class=\"elementor-widget-wrap elementor-element-populated\">\n\t\t\t\t\t\t\t\t<div class=\"elementor-element elementor-element-b5f82e3 elementor-widget elementor-widget-heading\" data-id=\"b5f82e3\" data-element_type=\"widget\" data-widget_type=\"heading.default\">\n\t\t\t\t<div class=\"elementor-widget-container\">\n\t\t\t<h2 class=\"elementor-heading-title elementor-size-default\">Restful API<\/h2>\t\t<\/div>\n\t\t\t\t<\/div>\n\t\t\t\t<div class=\"elementor-element elementor-element-4b62ca4 elementor-hidden-desktop elementor-hidden-tablet elementor-widget elementor-widget-image\" data-id=\"4b62ca4\" data-element_type=\"widget\" data-widget_type=\"image.default\">\n\t\t\t\t<div class=\"elementor-widget-container\">\n\t\t\t\t\t\t\t\t\t\t\t\t\t\t\t<img decoding=\"async\" width=\"763\" height=\"417\" src=\"https:\/\/amoenus.com\/wp-content\/uploads\/2023\/05\/Layer-1.png\" class=\"attachment-full size-full wp-image-1531\" alt=\"\" loading=\"lazy\" srcset=\"https:\/\/amoenus.com\/wp-content\/uploads\/2023\/05\/Layer-1.png 763w, https:\/\/amoenus.com\/wp-content\/uploads\/2023\/05\/Layer-1-300x164.png 300w\" sizes=\"(max-width: 763px) 100vw, 763px\" \/>\t\t\t\t\t\t\t\t\t\t\t\t\t\t\t<\/div>\n\t\t\t\t<\/div>\n\t\t\t\t<div class=\"elementor-element elementor-element-bac6d36 elementor-widget elementor-widget-text-editor\" data-id=\"bac6d36\" data-element_type=\"widget\" data-widget_type=\"text-editor.default\">\n\t\t\t\t<div class=\"elementor-widget-container\">\n\t\t\t\t\t\t\t<p>Amoenus is based on RESTful API architecture. This allows us to offer our customers full integration with their different systems.<\/p><p>The application and its permissions are controlled by a robust authentication system, used by companies such as Facebook and Microsoft. It allows to keep the session in the application for a period of time in a secure way, without unexpected crashes or session losses.<\/p>\t\t\t\t\t\t<\/div>\n\t\t\t\t<\/div>\n\t\t\t\t\t<\/div>\n\t\t<\/div>\n\t\t\t\t\t\t\t<\/div>\n\t\t<\/section>\n\t\t\t\t\t\t\t<\/div>","protected":false},"excerpt":{"rendered":"<p>Integraciones Conoce c\u00f3mo y cu\u00e1ndo consumen tus clientes Nos integramos con las principales marcas de proveedores y software TPV para facilitarte la gesti\u00f3n y el control de tu negocio. Proveedores La integraci\u00f3n con proveedores agiliza el sistema de gesti\u00f3n de compras y pedido. Todo el cat\u00e1logo de art\u00edculos y sus proveedores en un solo lugar. [&hellip;]<\/p>","protected":false},"author":3,"featured_media":0,"parent":0,"menu_order":0,"comment_status":"closed","ping_status":"closed","template":"elementor_header_footer","meta":{"site-sidebar-layout":"no-sidebar","site-content-layout":"page-builder","ast-site-content-layout":"","site-content-style":"default","site-sidebar-style":"default","ast-global-header-display":"","ast-banner-title-visibility":"","ast-main-header-display":"","ast-hfb-above-header-display":"","ast-hfb-below-header-display":"","ast-hfb-mobile-header-display":"","site-post-title":"disabled","ast-breadcrumbs-content":"","ast-featured-img":"disabled","footer-sml-layout":"","theme-transparent-header-meta":"","adv-header-id-meta":"","stick-header-meta":"","header-above-stick-meta":"","header-main-stick-meta":"","header-below-stick-meta":"","astra-migrate-meta-layouts":"default","ast-page-background-enabled":"default","ast-page-background-meta":{"desktop":{"background-color":"","background-image":"","background-repeat":"repeat","background-position":"center center","background-size":"auto","background-attachment":"scroll","background-type":"","background-media":"","overlay-type":"","overlay-color":"","overlay-opacity":"","overlay-gradient":""},"tablet":{"background-color":"","background-image":"","background-repeat":"repeat","background-position":"center center","background-size":"auto","background-attachment":"scroll","background-type":"","background-media":"","overlay-type":"","overlay-color":"","overlay-opacity":"","overlay-gradient":""},"mobile":{"background-color":"","background-image":"","background-repeat":"repeat","background-position":"center center","background-size":"auto","background-attachment":"scroll","background-type":"","background-media":"","overlay-type":"","overlay-color":"","overlay-opacity":"","overlay-gradient":""}},"ast-content-background-meta":{"desktop":{"background-color":"var(--ast-global-color-5)","background-image":"","background-repeat":"repeat","background-position":"center center","background-size":"auto","background-attachment":"scroll","background-type":"","background-media":"","overlay-type":"","overlay-color":"","overlay-opacity":"","overlay-gradient":""},"tablet":{"background-color":"var(--ast-global-color-5)","background-image":"","background-repeat":"repeat","background-position":"center center","background-size":"auto","background-attachment":"scroll","background-type":"","background-media":"","overlay-type":"","overlay-color":"","overlay-opacity":"","overlay-gradient":""},"mobile":{"background-color":"var(--ast-global-color-5)","background-image":"","background-repeat":"repeat","background-position":"center center","background-size":"auto","background-attachment":"scroll","background-type":"","background-media":"","overlay-type":"","overlay-color":"","overlay-opacity":"","overlay-gradient":""}}},"yoast_head":"<!-- This site is optimized with the Yoast SEO plugin v20.12 - https:\/\/yoast.com\/wordpress\/plugins\/seo\/ -->\n<title>Amoenus - Integraciones<\/title>\n<meta name=\"description\" content=\"Un completo sistema de gesti\u00f3n de restaurantes para simplificar la tramitaci\u00f3n de pedidos, permitir un control eficiente de todos tus almacenes, acceso a las ventas en tiempo real, an\u00e1lisis y comparativa de todos tus restaurantes.\" \/>\n<meta name=\"robots\" content=\"index, follow, max-snippet:-1, max-image-preview:large, max-video-preview:-1\" \/>\n<link rel=\"canonical\" href=\"https:\/\/amoenus.com\/en\/integrations\/\" \/>\n<meta property=\"og:locale\" content=\"en_US\" \/>\n<meta property=\"og:type\" content=\"article\" \/>\n<meta property=\"og:title\" content=\"Amoenus - Integraciones\" \/>\n<meta property=\"og:description\" content=\"Un completo sistema de gesti\u00f3n de restaurantes para simplificar la tramitaci\u00f3n de pedidos, permitir un control eficiente de todos tus almacenes, acceso a las ventas en tiempo real, an\u00e1lisis y comparativa de todos tus restaurantes.\" \/>\n<meta property=\"og:url\" content=\"https:\/\/amoenus.com\/en\/integrations\/\" \/>\n<meta property=\"og:site_name\" content=\"Amoenus\" \/>\n<meta property=\"article:modified_time\" content=\"2025-03-05T13:59:34+00:00\" \/>\n<meta property=\"og:image\" content=\"https:\/\/amoenus.com\/wp-content\/uploads\/2023\/05\/Group-111.png\" \/>\n<meta name=\"twitter:card\" content=\"summary_large_image\" \/>\n<meta name=\"twitter:label1\" content=\"Est. reading time\" \/>\n\t<meta name=\"twitter:data1\" content=\"2 minutes\" \/>\n<script type=\"application\/ld+json\" class=\"yoast-schema-graph\">{\"@context\":\"https:\/\/schema.org\",\"@graph\":[{\"@type\":\"WebPage\",\"@id\":\"https:\/\/amoenus.com\/integrations\/\",\"url\":\"https:\/\/amoenus.com\/integrations\/\",\"name\":\"Amoenus - Integraciones\",\"isPartOf\":{\"@id\":\"https:\/\/amoenus.com\/#website\"},\"datePublished\":\"2023-05-02T10:26:16+00:00\",\"dateModified\":\"2025-03-05T13:59:34+00:00\",\"description\":\"Un completo sistema de gesti\u00f3n de restaurantes para simplificar la tramitaci\u00f3n de pedidos, permitir un control eficiente de todos tus almacenes, acceso a las ventas en tiempo real, an\u00e1lisis y comparativa de todos tus restaurantes.\",\"breadcrumb\":{\"@id\":\"https:\/\/amoenus.com\/integrations\/#breadcrumb\"},\"inLanguage\":\"en-US\",\"potentialAction\":[{\"@type\":\"ReadAction\",\"target\":[\"https:\/\/amoenus.com\/integrations\/\"]}]},{\"@type\":\"BreadcrumbList\",\"@id\":\"https:\/\/amoenus.com\/integrations\/#breadcrumb\",\"itemListElement\":[{\"@type\":\"ListItem\",\"position\":1,\"name\":\"Home\",\"item\":\"https:\/\/amoenus.com\/\"},{\"@type\":\"ListItem\",\"position\":2,\"name\":\"Integraciones\"}]},{\"@type\":\"WebSite\",\"@id\":\"https:\/\/amoenus.com\/#website\",\"url\":\"https:\/\/amoenus.com\/\",\"name\":\"Amoenus\",\"description\":\"Software de gesti&oacute;n de restaurantes\",\"publisher\":{\"@id\":\"https:\/\/amoenus.com\/#organization\"},\"alternateName\":\"Amoenus\",\"potentialAction\":[{\"@type\":\"SearchAction\",\"target\":{\"@type\":\"EntryPoint\",\"urlTemplate\":\"https:\/\/amoenus.com\/?s={search_term_string}\"},\"query-input\":\"required name=search_term_string\"}],\"inLanguage\":\"en-US\"},{\"@type\":\"Organization\",\"@id\":\"https:\/\/amoenus.com\/#organization\",\"name\":\"Amoenus\",\"url\":\"https:\/\/amoenus.com\/\",\"logo\":{\"@type\":\"ImageObject\",\"inLanguage\":\"en-US\",\"@id\":\"https:\/\/amoenus.com\/#\/schema\/logo\/image\/\",\"url\":\"https:\/\/amoenus.com\/wp-content\/uploads\/2023\/05\/6357935b6220e52ca739f115_logoamoenus.svg\",\"contentUrl\":\"https:\/\/amoenus.com\/wp-content\/uploads\/2023\/05\/6357935b6220e52ca739f115_logoamoenus.svg\",\"width\":214,\"height\":74,\"caption\":\"Amoenus\"},\"image\":{\"@id\":\"https:\/\/amoenus.com\/#\/schema\/logo\/image\/\"},\"sameAs\":[\"https:\/\/es.linkedin.com\/company\/amoenus\"]}]}<\/script>\n<!-- \/ Yoast SEO plugin. -->","yoast_head_json":{"title":"Amoenus - Integraciones","description":"Un completo sistema de gesti\u00f3n de restaurantes para simplificar la tramitaci\u00f3n de pedidos, permitir un control eficiente de todos tus almacenes, acceso a las ventas en tiempo real, an\u00e1lisis y comparativa de todos tus restaurantes.","robots":{"index":"index","follow":"follow","max-snippet":"max-snippet:-1","max-image-preview":"max-image-preview:large","max-video-preview":"max-video-preview:-1"},"canonical":"https:\/\/amoenus.com\/en\/integrations\/","og_locale":"en_US","og_type":"article","og_title":"Amoenus - Integraciones","og_description":"Un completo sistema de gesti\u00f3n de restaurantes para simplificar la tramitaci\u00f3n de pedidos, permitir un control eficiente de todos tus almacenes, acceso a las ventas en tiempo real, an\u00e1lisis y comparativa de todos tus restaurantes.","og_url":"https:\/\/amoenus.com\/en\/integrations\/","og_site_name":"Amoenus","article_modified_time":"2025-03-05T13:59:34+00:00","og_image":[{"url":"https:\/\/amoenus.com\/wp-content\/uploads\/2023\/05\/Group-111.png"}],"twitter_card":"summary_large_image","twitter_misc":{"Est. reading time":"2 minutes"},"schema":{"@context":"https:\/\/schema.org","@graph":[{"@type":"WebPage","@id":"https:\/\/amoenus.com\/integrations\/","url":"https:\/\/amoenus.com\/integrations\/","name":"Amoenus - Integraciones","isPartOf":{"@id":"https:\/\/amoenus.com\/#website"},"datePublished":"2023-05-02T10:26:16+00:00","dateModified":"2025-03-05T13:59:34+00:00","description":"Un completo sistema de gesti\u00f3n de restaurantes para simplificar la tramitaci\u00f3n de pedidos, permitir un control eficiente de todos tus almacenes, acceso a las ventas en tiempo real, an\u00e1lisis y comparativa de todos tus restaurantes.","breadcrumb":{"@id":"https:\/\/amoenus.com\/integrations\/#breadcrumb"},"inLanguage":"en-US","potentialAction":[{"@type":"ReadAction","target":["https:\/\/amoenus.com\/integrations\/"]}]},{"@type":"BreadcrumbList","@id":"https:\/\/amoenus.com\/integrations\/#breadcrumb","itemListElement":[{"@type":"ListItem","position":1,"name":"Home","item":"https:\/\/amoenus.com\/"},{"@type":"ListItem","position":2,"name":"Integraciones"}]},{"@type":"WebSite","@id":"https:\/\/amoenus.com\/#website","url":"https:\/\/amoenus.com\/","name":"Amoenus","description":"Software de gesti&oacute;n de restaurantes","publisher":{"@id":"https:\/\/amoenus.com\/#organization"},"alternateName":"Amoenus","potentialAction":[{"@type":"SearchAction","target":{"@type":"EntryPoint","urlTemplate":"https:\/\/amoenus.com\/?s={search_term_string}"},"query-input":"required name=search_term_string"}],"inLanguage":"en-US"},{"@type":"Organization","@id":"https:\/\/amoenus.com\/#organization","name":"Amoenus","url":"https:\/\/amoenus.com\/","logo":{"@type":"ImageObject","inLanguage":"en-US","@id":"https:\/\/amoenus.com\/#\/schema\/logo\/image\/","url":"https:\/\/amoenus.com\/wp-content\/uploads\/2023\/05\/6357935b6220e52ca739f115_logoamoenus.svg","contentUrl":"https:\/\/amoenus.com\/wp-content\/uploads\/2023\/05\/6357935b6220e52ca739f115_logoamoenus.svg","width":214,"height":74,"caption":"Amoenus"},"image":{"@id":"https:\/\/amoenus.com\/#\/schema\/logo\/image\/"},"sameAs":["https:\/\/es.linkedin.com\/company\/amoenus"]}]}},"_links":{"self":[{"href":"https:\/\/amoenus.com\/en\/wp-json\/wp\/v2\/pages\/1501"}],"collection":[{"href":"https:\/\/amoenus.com\/en\/wp-json\/wp\/v2\/pages"}],"about":[{"href":"https:\/\/amoenus.com\/en\/wp-json\/wp\/v2\/types\/page"}],"author":[{"embeddable":true,"href":"https:\/\/amoenus.com\/en\/wp-json\/wp\/v2\/users\/3"}],"replies":[{"embeddable":true,"href":"https:\/\/amoenus.com\/en\/wp-json\/wp\/v2\/comments?post=1501"}],"version-history":[{"count":106,"href":"https:\/\/amoenus.com\/en\/wp-json\/wp\/v2\/pages\/1501\/revisions"}],"predecessor-version":[{"id":5996,"href":"https:\/\/amoenus.com\/en\/wp-json\/wp\/v2\/pages\/1501\/revisions\/5996"}],"wp:attachment":[{"href":"https:\/\/amoenus.com\/en\/wp-json\/wp\/v2\/media?parent=1501"}],"curies":[{"name":"wp","href":"https:\/\/api.w.org\/{rel}","templated":true}]}}